{"id":5,"date":"2019-03-06T20:23:42","date_gmt":"2019-03-06T19:23:42","guid":{"rendered":"http:\/\/lust-auf-stimme.de\/?page_id=5"},"modified":"2021-10-25T21:30:11","modified_gmt":"2021-10-25T19:30:11","slug":"lust-auf-stimme","status":"publish","type":"page","link":"https:\/\/lust-auf-stimme.de\/index.php\/lust-auf-stimme\/","title":{"rendered":"Lust auf Stimme \u00ae"},"content":{"rendered":"\n<p><strong><em>&#8222;Singen macht Spa\u00df!&#8220;<\/em><\/strong> best\u00e4tigt ein wunderbarer Kanon von<strong><em> Uli F\u00fchre.<\/em><\/strong><br>Leider k\u00f6nnen wir im Laufe des Lebens die Freude an unserem Gesang, dem Klang unseres ICHs, verlieren. Hohe T\u00f6ne brechen wom\u00f6glich weg, tiefe T\u00f6ne klingen rau oder heiser. Dabei bedarf es manchmal nur einiger Hinweise und schon erklingt unsere Stimme wie neu.<br>Mit ein wenig \u00dcbung baut sich ein neues, stimmliches Selbstbewusstsein auf, das sich in alle Bereiche unseres t\u00e4glichen Lebens auswirken kann.<\/p>\n\n\n\n<p><\/p>\n\n\n\n<p>Meine Homepage soll und kann keinen Unterricht ersetzen. Sie soll die Leser und Betrachter neugierig machen auf Bekanntes: <strong><em>Sich selbst!<\/em><\/strong> <\/p>\n\n\n\n<p>Also auf: <strong>Lust auf Stimme\u00ae<\/strong>!<\/p>\n\n\n\n<p><\/p>\n","protected":false},"excerpt":{"rendered":"<p>&#8222;Singen macht Spa\u00df!&#8220; best\u00e4tigt ein wunderbarer Kanon von Uli F\u00fchre.Leider k\u00f6nnen wir im Laufe des Lebens die Freude an unserem Gesang, dem Klang unseres ICHs, verlieren. Hohe T\u00f6ne brechen wom\u00f6glich weg, tiefe T\u00f6ne klingen rau oder heiser. Dabei bedarf es manchmal nur einiger Hinweise und schon erklingt unsere Stimme wie neu.Mit ein wenig \u00dcbung baut&hellip;&nbsp;<a href=\"https:\/\/lust-auf-stimme.de\/index.php\/lust-auf-stimme\/\" class=\"\" rel=\"bookmark\">Weiterlesen &raquo;<span class=\"screen-reader-text\">Lust auf Stimme \u00ae<\/span><\/a><\/p>\n","protected":false},"author":2,"featured_media":0,"parent":0,"menu_order":0,"comment_status":"closed","ping_status":"closed","template":"","meta":{"neve_meta_sidebar":"full-width","neve_meta_container":"","neve_meta_enable_content_width":"on","neve_meta_content_width":100,"neve_meta_title_alignment":"","neve_meta_author_avatar":"","neve_post_elements_order":"","neve_meta_disable_header":"","neve_meta_disable_footer":"","neve_meta_disable_title":""},"_links":{"self":[{"href":"https:\/\/lust-auf-stimme.de\/index.php\/wp-json\/wp\/v2\/pages\/5"}],"collection":[{"href":"https:\/\/lust-auf-stimme.de\/index.php\/wp-json\/wp\/v2\/pages"}],"about":[{"href":"https:\/\/lust-auf-stimme.de\/index.php\/wp-json\/wp\/v2\/types\/page"}],"author":[{"embeddable":true,"href":"https:\/\/lust-auf-stimme.de\/index.php\/wp-json\/wp\/v2\/users\/2"}],"replies":[{"embeddable":true,"href":"https:\/\/lust-auf-stimme.de\/index.php\/wp-json\/wp\/v2\/comments?post=5"}],"version-history":[{"count":16,"href":"https:\/\/lust-auf-stimme.de\/index.php\/wp-json\/wp\/v2\/pages\/5\/revisions"}],"predecessor-version":[{"id":239,"href":"https:\/\/lust-auf-stimme.de\/index.php\/wp-json\/wp\/v2\/pages\/5\/revisions\/239"}],"wp:attachment":[{"href":"https:\/\/lust-auf-stimme.de\/index.php\/wp-json\/wp\/v2\/media?parent=5"}],"curies":[{"name":"wp","href":"https:\/\/api.w.org\/{rel}","templated":true}]}}